{"id":249,"date":"2024-09-03T11:58:16","date_gmt":"2024-09-03T11:58:16","guid":{"rendered":"http:\/\/dankowski.online\/?page_id=249"},"modified":"2025-02-10T09:34:58","modified_gmt":"2025-02-10T09:34:58","slug":"animation","status":"publish","type":"page","link":"https:\/\/dankowski.online\/pl\/animation\/","title":{"rendered":"Animacja"},"content":{"rendered":"<div data-elementor-type=\"wp-page\" data-elementor-id=\"249\" class=\"elementor elementor-249\">\n\t\t\t\t<div class=\"elementor-element elementor-element-1edb659f e-flex e-con-boxed wpr-particle-no wpr-jarallax-no wpr-parallax-no wpr-sticky-section-no e-con e-parent\" data-id=\"1edb659f\" data-element_type=\"container\" data-settings=\"{&quot;background_background&quot;:&quot;classic&quot;}\">\n\t\t\t\t\t<div class=\"e-con-inner\">\n\t\t<div class=\"elementor-element elementor-element-30ca173a e-con-full e-flex wpr-particle-no wpr-jarallax-no wpr-parallax-no wpr-sticky-section-no e-con e-child\" data-id=\"30ca173a\" data-element_type=\"container\">\n\t\t\t\t<div class=\"elementor-element elementor-element-75edf991 elementor-widget elementor-widget-heading\" data-id=\"75edf991\" data-element_type=\"widget\" data-widget_type=\"heading.default\">\n\t\t\t\t<div class=\"elementor-widget-container\">\n\t\t\t<h2 class=\"elementor-heading-title elementor-size-default\">Animacja<\/h2>\t\t<\/div>\n\t\t\t\t<\/div>\n\t\t\t\t<div class=\"elementor-element elementor-element-7463d84f elementor-widget__width-inherit elementor-widget elementor-widget-text-editor\" data-id=\"7463d84f\" data-element_type=\"widget\" data-widget_type=\"text-editor.default\">\n\t\t\t\t<div class=\"elementor-widget-container\">\n\t\t\t\t\t\t\t<p>Moja historia jest do\u015b\u0107 kr\u00f3tka i nie jestem pewien, czy by\u0142bym najlepszym animatorem, ale stworzy\u0142em to, co stworzy\u0142em, a ta strona ma Wam pokaza\u0107, co uda\u0142o mi si\u0119 na razie osi\u0105gn\u0105\u0107 w tej dziedzinie.<\/p>\t\t\t\t\t\t<\/div>\n\t\t\t\t<\/div>\n\t\t\t\t<\/div>\n\t\t<div class=\"elementor-element elementor-element-62cd0b44 e-con-full e-flex wpr-particle-no wpr-jarallax-no wpr-parallax-no wpr-sticky-section-no e-con e-child\" data-id=\"62cd0b44\" data-element_type=\"container\">\n\t\t\t\t<div class=\"elementor-element elementor-element-3be2ab1 elementor-widget elementor-widget-wpr-flip-carousel\" data-id=\"3be2ab1\" data-element_type=\"widget\" data-widget_type=\"wpr-flip-carousel.default\">\n\t\t\t\t<div class=\"elementor-widget-container\">\n\t\t\t<div class=\"wpr-flip-carousel-wrapper\"><div class=\"wpr-flip-carousel\" data-settings=\"{&quot;starts_from_center&quot;:&quot;yes&quot;,&quot;carousel_type&quot;:&quot;coverflow&quot;,&quot;loop&quot;:&quot;yes&quot;,&quot;autoplay&quot;:false,&quot;autoplay_milliseconds&quot;:0,&quot;pause_on_hover&quot;:false,&quot;play_on_click&quot;:&quot;yes&quot;,&quot;play_on_scroll&quot;:&quot;no&quot;,&quot;pagination_position&quot;:null,&quot;spacing&quot;:-0.6,&quot;button_prev&quot;:&quot;&quot;,&quot;button_next&quot;:&quot;&quot;,&quot;pagination_bg_color_hover&quot;:null}\"><ul class=\"wpr-flip-items-wrapper\"><li class=\"wpr-flip-item\" data-flip-title=\"\"><figure><a href=\"https:\/\/youtu.be\/dtLt8itU0Ig\" target=\"_blank\" rel=\"nofollow\"><img decoding=\"async\" alt=\"Danie g\u0142\u00f3wne rytua\u0142\" src=\"https:\/\/dankowski.online\/wp-content\/uploads\/2025\/02\/Rytual-768x402.png\" \/><\/a><\/figure><\/li><li class=\"wpr-flip-item\" data-flip-title=\"\"><figure><a href=\"https:\/\/youtube.com\/shorts\/OcVuf3K8Z28?feature=share\" target=\"_blank\" rel=\"nofollow\"><img decoding=\"async\" alt=\"Snickers reklama TikTok\" src=\"https:\/\/dankowski.online\/wp-content\/uploads\/2025\/02\/TikTok-768x404.png\" \/><\/a><\/figure><\/li><li class=\"wpr-flip-item\" data-flip-title=\"\"><figure><a href=\"https:\/\/youtu.be\/xvUBU1TVLnQ\" target=\"_blank\" rel=\"nofollow\"><img decoding=\"async\" alt=\"Robyg Zajezdnia Wrzeszcz reklama\" src=\"https:\/\/dankowski.online\/wp-content\/uploads\/2025\/02\/Deweloperka-768x402.png\" \/><\/a><\/figure><\/li><li class=\"wpr-flip-item\" data-flip-title=\"\"><figure><a href=\"https:\/\/www.youtube.com\/watch?v=3MUXmfxnhRE\" target=\"_blank\" rel=\"nofollow\"><img decoding=\"async\" alt=\"Logo PJATK\" src=\"https:\/\/dankowski.online\/wp-content\/uploads\/2024\/09\/obraz_2024-09-03_105440828-768x462.png\" \/><\/a><\/figure><\/li><\/ul><\/div><\/div>\t\t<\/div>\n\t\t\t\t<\/div>\n\t\t<div class=\"elementor-element elementor-element-5c4ac5c8 e-con-full e-flex wpr-particle-no wpr-jarallax-no wpr-parallax-no wpr-sticky-section-no e-con e-child\" data-id=\"5c4ac5c8\" data-element_type=\"container\">\n\t\t\t\t<div class=\"elementor-element elementor-element-69bacc6d elementor-widget elementor-widget-heading\" data-id=\"69bacc6d\" data-element_type=\"widget\" data-widget_type=\"heading.default\">\n\t\t\t\t<div class=\"elementor-widget-container\">\n\t\t\t<h2 class=\"elementor-heading-title elementor-size-default\">Potrzebny ci projekt?<\/h2>\t\t<\/div>\n\t\t\t\t<\/div>\n\t\t\t\t<div class=\"elementor-element elementor-element-43ee8f30 wpr-button-icon-style-inline wpr-button-icon-position-right elementor-widget elementor-widget-wpr-button\" data-id=\"43ee8f30\" data-element_type=\"widget\" data-widget_type=\"wpr-button.default\">\n\t\t\t\t<div class=\"elementor-widget-container\">\n\t\t\t\t\n\t\t\t\n\t\t\n\t\t<div class=\"wpr-button-wrap elementor-clearfix\">\n\t\t<a class=\"wpr-button wpr-button-effect wpr-button-none\" data-text=\"Go\" href=\"https:\/\/dankowski.online\/pl\/contact\/\">\n\t\t\t\n\t\t\t<span class=\"wpr-button-content\">\n\t\t\t\t\t\t\t\t\t<span class=\"wpr-button-text\">Contact me<\/span>\n\t\t\t\t\t\t\t\t\n\t\t\t\t\t\t\t\t\t<span class=\"wpr-button-icon\"><svg class=\"e-font-icon-svg e-fas-angle-right\" viewbox=\"0 0 256 512\" xmlns=\"http:\/\/www.w3.org\/2000\/svg\"><path d=\"M224.3 273l-136 136c-9.4 9.4-24.6 9.4-33.9 0l-22.6-22.6c-9.4-9.4-9.4-24.6 0-33.9l96.4-96.4-96.4-96.4c-9.4-9.4-9.4-24.6 0-33.9L54.3 103c9.4-9.4 24.6-9.4 33.9 0l136 136c9.5 9.4 9.5 24.6.1 34z\"><\/path><\/svg><\/span>\n\t\t\t\t\t\t\t<\/span>\n\t\t<\/a>\n\n\t\t\t\t<\/div>\n\t\n\t\n\t\t\t<\/div>\n\t\t\t\t<\/div>\n\t\t\t\t<\/div>\n\t\t\t\t<\/div>\n\t\t\t\t\t<\/div>\n\t\t\t\t<\/div>\n\t\t\t\t<\/div>","protected":false},"excerpt":{"rendered":"<p>Animation My story here is quite short, and I am not sure if I would be the best animator, but still I created what I created and this page is to show you off what I did for now. Need a design ? Contact me<\/p>","protected":false},"author":1,"featured_media":0,"parent":0,"menu_order":0,"comment_status":"closed","ping_status":"closed","template":"","meta":{"_vp_format_video_url":"","_vp_image_focal_point":[],"footnotes":""},"class_list":["post-249","page","type-page","status-publish","hentry"],"yoast_head":"<!-- This site is optimized with the Yoast SEO plugin v23.4 - https:\/\/yoast.com\/wordpress\/plugins\/seo\/ -->\n<title>Animation - Dankowski<\/title>\n<meta name=\"robots\" content=\"index, follow, max-snippet:-1, max-image-preview:large, max-video-preview:-1\" \/>\n<link rel=\"canonical\" href=\"https:\/\/dankowski.online\/pl\/animation\/\" \/>\n<meta property=\"og:locale\" content=\"pl_PL\" \/>\n<meta property=\"og:type\" content=\"article\" \/>\n<meta property=\"og:title\" content=\"Animation - Dankowski\" \/>\n<meta property=\"og:description\" content=\"Animation My story here is quite short, and I am not sure if I would be the best animator, but still I created what I created and this page is to show you off what I did for now. Need a design ? Contact me\" \/>\n<meta property=\"og:url\" content=\"https:\/\/dankowski.online\/pl\/animation\/\" \/>\n<meta property=\"og:site_name\" content=\"Dankowski\" \/>\n<meta property=\"article:publisher\" content=\"https:\/\/www.facebook.com\/profile.php?id=61565175776161\" \/>\n<meta property=\"article:modified_time\" content=\"2025-02-10T09:34:58+00:00\" \/>\n<meta property=\"og:image\" content=\"https:\/\/dankowski.online\/wp-content\/uploads\/2025\/02\/Rytual-768x402.png\" \/>\n<meta name=\"twitter:card\" content=\"summary_large_image\" \/>\n<meta name=\"twitter:label1\" content=\"Szacowany czas czytania\" \/>\n\t<meta name=\"twitter:data1\" content=\"1 minuta\" \/>\n<script type=\"application\/ld+json\" class=\"yoast-schema-graph\">{\"@context\":\"https:\/\/schema.org\",\"@graph\":[{\"@type\":\"WebPage\",\"@id\":\"https:\/\/dankowski.online\/animation\/\",\"url\":\"https:\/\/dankowski.online\/animation\/\",\"name\":\"Animation - Dankowski\",\"isPartOf\":{\"@id\":\"https:\/\/dankowski.online\/#website\"},\"primaryImageOfPage\":{\"@id\":\"https:\/\/dankowski.online\/animation\/#primaryimage\"},\"image\":{\"@id\":\"https:\/\/dankowski.online\/animation\/#primaryimage\"},\"thumbnailUrl\":\"https:\/\/dankowski.online\/wp-content\/uploads\/2025\/02\/Rytual-768x402.png\",\"datePublished\":\"2024-09-03T11:58:16+00:00\",\"dateModified\":\"2025-02-10T09:34:58+00:00\",\"breadcrumb\":{\"@id\":\"https:\/\/dankowski.online\/animation\/#breadcrumb\"},\"inLanguage\":\"pl-PL\",\"potentialAction\":[{\"@type\":\"ReadAction\",\"target\":[\"https:\/\/dankowski.online\/animation\/\"]}]},{\"@type\":\"ImageObject\",\"inLanguage\":\"pl-PL\",\"@id\":\"https:\/\/dankowski.online\/animation\/#primaryimage\",\"url\":\"https:\/\/dankowski.online\/wp-content\/uploads\/2025\/02\/Rytual-768x402.png\",\"contentUrl\":\"https:\/\/dankowski.online\/wp-content\/uploads\/2025\/02\/Rytual-768x402.png\"},{\"@type\":\"BreadcrumbList\",\"@id\":\"https:\/\/dankowski.online\/animation\/#breadcrumb\",\"itemListElement\":[{\"@type\":\"ListItem\",\"position\":1,\"name\":\"Home\",\"item\":\"https:\/\/dankowski.online\/\"},{\"@type\":\"ListItem\",\"position\":2,\"name\":\"Animation\"}]},{\"@type\":\"WebSite\",\"@id\":\"https:\/\/dankowski.online\/#website\",\"url\":\"https:\/\/dankowski.online\/\",\"name\":\"Dankowski\",\"description\":\"Web design and more\",\"publisher\":{\"@id\":\"https:\/\/dankowski.online\/#\/schema\/person\/37ca08db074cb988f07b392601f4ecd7\"},\"potentialAction\":[{\"@type\":\"SearchAction\",\"target\":{\"@type\":\"EntryPoint\",\"urlTemplate\":\"https:\/\/dankowski.online\/?s={search_term_string}\"},\"query-input\":{\"@type\":\"PropertyValueSpecification\",\"valueRequired\":true,\"valueName\":\"search_term_string\"}}],\"inLanguage\":\"pl-PL\"},{\"@type\":[\"Person\",\"Organization\"],\"@id\":\"https:\/\/dankowski.online\/#\/schema\/person\/37ca08db074cb988f07b392601f4ecd7\",\"name\":\"dankowski\",\"image\":{\"@type\":\"ImageObject\",\"inLanguage\":\"pl-PL\",\"@id\":\"https:\/\/dankowski.online\/#\/schema\/person\/image\/\",\"url\":\"https:\/\/dankowski.online\/wp-content\/uploads\/2024\/08\/MD.svg\",\"contentUrl\":\"https:\/\/dankowski.online\/wp-content\/uploads\/2024\/08\/MD.svg\",\"width\":100,\"height\":100,\"caption\":\"dankowski\"},\"logo\":{\"@id\":\"https:\/\/dankowski.online\/#\/schema\/person\/image\/\"},\"sameAs\":[\"http:\/\/dankowski.online\",\"https:\/\/www.facebook.com\/profile.php?id=61565175776161\",\"https:\/\/www.instagram.com\/tyfantien\/\",\"https:\/\/www.linkedin.com\/in\/mateusz-dankowski-7a7370264\/\",\"https:\/\/pl.pinterest.com\/mateuszdankowski120\"]}]}<\/script>\n<!-- \/ Yoast SEO plugin. -->","yoast_head_json":{"title":"Animation - Dankowski","robots":{"index":"index","follow":"follow","max-snippet":"max-snippet:-1","max-image-preview":"max-image-preview:large","max-video-preview":"max-video-preview:-1"},"canonical":"https:\/\/dankowski.online\/pl\/animation\/","og_locale":"pl_PL","og_type":"article","og_title":"Animation - Dankowski","og_description":"Animation My story here is quite short, and I am not sure if I would be the best animator, but still I created what I created and this page is to show you off what I did for now. Need a design ? Contact me","og_url":"https:\/\/dankowski.online\/pl\/animation\/","og_site_name":"Dankowski","article_publisher":"https:\/\/www.facebook.com\/profile.php?id=61565175776161","article_modified_time":"2025-02-10T09:34:58+00:00","og_image":[{"url":"https:\/\/dankowski.online\/wp-content\/uploads\/2025\/02\/Rytual-768x402.png"}],"twitter_card":"summary_large_image","twitter_misc":{"Szacowany czas czytania":"1 minuta"},"schema":{"@context":"https:\/\/schema.org","@graph":[{"@type":"WebPage","@id":"https:\/\/dankowski.online\/animation\/","url":"https:\/\/dankowski.online\/animation\/","name":"Animation - Dankowski","isPartOf":{"@id":"https:\/\/dankowski.online\/#website"},"primaryImageOfPage":{"@id":"https:\/\/dankowski.online\/animation\/#primaryimage"},"image":{"@id":"https:\/\/dankowski.online\/animation\/#primaryimage"},"thumbnailUrl":"https:\/\/dankowski.online\/wp-content\/uploads\/2025\/02\/Rytual-768x402.png","datePublished":"2024-09-03T11:58:16+00:00","dateModified":"2025-02-10T09:34:58+00:00","breadcrumb":{"@id":"https:\/\/dankowski.online\/animation\/#breadcrumb"},"inLanguage":"pl-PL","potentialAction":[{"@type":"ReadAction","target":["https:\/\/dankowski.online\/animation\/"]}]},{"@type":"ImageObject","inLanguage":"pl-PL","@id":"https:\/\/dankowski.online\/animation\/#primaryimage","url":"https:\/\/dankowski.online\/wp-content\/uploads\/2025\/02\/Rytual-768x402.png","contentUrl":"https:\/\/dankowski.online\/wp-content\/uploads\/2025\/02\/Rytual-768x402.png"},{"@type":"BreadcrumbList","@id":"https:\/\/dankowski.online\/animation\/#breadcrumb","itemListElement":[{"@type":"ListItem","position":1,"name":"Home","item":"https:\/\/dankowski.online\/"},{"@type":"ListItem","position":2,"name":"Animation"}]},{"@type":"WebSite","@id":"https:\/\/dankowski.online\/#website","url":"https:\/\/dankowski.online\/","name":"Dankowski","description":"Web design and more","publisher":{"@id":"https:\/\/dankowski.online\/#\/schema\/person\/37ca08db074cb988f07b392601f4ecd7"},"potentialAction":[{"@type":"SearchAction","target":{"@type":"EntryPoint","urlTemplate":"https:\/\/dankowski.online\/?s={search_term_string}"},"query-input":{"@type":"PropertyValueSpecification","valueRequired":true,"valueName":"search_term_string"}}],"inLanguage":"pl-PL"},{"@type":["Person","Organization"],"@id":"https:\/\/dankowski.online\/#\/schema\/person\/37ca08db074cb988f07b392601f4ecd7","name":"dankowski","image":{"@type":"ImageObject","inLanguage":"pl-PL","@id":"https:\/\/dankowski.online\/#\/schema\/person\/image\/","url":"https:\/\/dankowski.online\/wp-content\/uploads\/2024\/08\/MD.svg","contentUrl":"https:\/\/dankowski.online\/wp-content\/uploads\/2024\/08\/MD.svg","width":100,"height":100,"caption":"dankowski"},"logo":{"@id":"https:\/\/dankowski.online\/#\/schema\/person\/image\/"},"sameAs":["http:\/\/dankowski.online","https:\/\/www.facebook.com\/profile.php?id=61565175776161","https:\/\/www.instagram.com\/tyfantien\/","https:\/\/www.linkedin.com\/in\/mateusz-dankowski-7a7370264\/","https:\/\/pl.pinterest.com\/mateuszdankowski120"]}]}},"_links":{"self":[{"href":"https:\/\/dankowski.online\/pl\/wp-json\/wp\/v2\/pages\/249"}],"collection":[{"href":"https:\/\/dankowski.online\/pl\/wp-json\/wp\/v2\/pages"}],"about":[{"href":"https:\/\/dankowski.online\/pl\/wp-json\/wp\/v2\/types\/page"}],"author":[{"embeddable":true,"href":"https:\/\/dankowski.online\/pl\/wp-json\/wp\/v2\/users\/1"}],"replies":[{"embeddable":true,"href":"https:\/\/dankowski.online\/pl\/wp-json\/wp\/v2\/comments?post=249"}],"version-history":[{"count":13,"href":"https:\/\/dankowski.online\/pl\/wp-json\/wp\/v2\/pages\/249\/revisions"}],"predecessor-version":[{"id":581,"href":"https:\/\/dankowski.online\/pl\/wp-json\/wp\/v2\/pages\/249\/revisions\/581"}],"wp:attachment":[{"href":"https:\/\/dankowski.online\/pl\/wp-json\/wp\/v2\/media?parent=249"}],"curies":[{"name":"wp","href":"https:\/\/api.w.org\/{rel}","templated":true}]}}