{"id":243,"date":"2024-09-03T11:56:22","date_gmt":"2024-09-03T11:56:22","guid":{"rendered":"http:\/\/dankowski.online\/?page_id=243"},"modified":"2024-09-03T13:03:14","modified_gmt":"2024-09-03T13:03:14","slug":"books-and-notebooks","status":"publish","type":"page","link":"https:\/\/dankowski.online\/pl\/books-and-notebooks\/","title":{"rendered":"Ksi\u0105\u017cki i notatniki"},"content":{"rendered":"<div data-elementor-type=\"wp-page\" data-elementor-id=\"243\" class=\"elementor elementor-243\">\n\t\t\t\t<div class=\"elementor-element elementor-element-75eda924 e-flex e-con-boxed wpr-particle-no wpr-jarallax-no wpr-parallax-no wpr-sticky-section-no e-con e-parent\" data-id=\"75eda924\" data-element_type=\"container\" data-settings=\"{&quot;background_background&quot;:&quot;classic&quot;}\">\n\t\t\t\t\t<div class=\"e-con-inner\">\n\t\t<div class=\"elementor-element elementor-element-65b0f3ae e-con-full e-flex wpr-particle-no wpr-jarallax-no wpr-parallax-no wpr-sticky-section-no e-con e-child\" data-id=\"65b0f3ae\" data-element_type=\"container\">\n\t\t\t\t<div class=\"elementor-element elementor-element-39f2f697 elementor-widget elementor-widget-heading\" data-id=\"39f2f697\" data-element_type=\"widget\" data-widget_type=\"heading.default\">\n\t\t\t\t<div class=\"elementor-widget-container\">\n\t\t\t<h2 class=\"elementor-heading-title elementor-size-default\">Ksi\u0105\u017cki i notatniki<\/h2>\t\t<\/div>\n\t\t\t\t<\/div>\n\t\t\t\t<div class=\"elementor-element elementor-element-29934b0f elementor-widget__width-inherit elementor-widget elementor-widget-text-editor\" data-id=\"29934b0f\" data-element_type=\"widget\" data-widget_type=\"text-editor.default\">\n\t\t\t\t<div class=\"elementor-widget-container\">\n\t\t\t\t\t\t\t<p>Mo\u017ce moja galeria na ten temat jest teraz ma\u0142a. Ale uwielbia\u0142am tworzy\u0107 ten projekt i jestem pewien, \u017ce \u200b\u200bwr\u00f3c\u0119 tu, aby tworzy\u0107 wi\u0119cej fantastycznych ok\u0142adek do ksi\u0105\u017cek i zeszyt\u00f3w.<\/p>\t\t\t\t\t\t<\/div>\n\t\t\t\t<\/div>\n\t\t\t\t<\/div>\n\t\t<div class=\"elementor-element elementor-element-ff60b56 e-con-full e-flex wpr-particle-no wpr-jarallax-no wpr-parallax-no wpr-sticky-section-no e-con e-child\" data-id=\"ff60b56\" data-element_type=\"container\">\n\t\t\t\t<div class=\"elementor-element elementor-element-2190134a elementor-widget__width-inherit elementor-widget elementor-widget-visual-portfolio\" data-id=\"2190134a\" data-element_type=\"widget\" data-widget_type=\"visual-portfolio.default\">\n\t\t\t\t<div class=\"elementor-widget-container\">\n\t\t\t\t\t<div\n\t\t\t\t\t>\n\t\t\t\t\t\t\t\n<div class=\"vp-portfolio vp-uid-7f7afd71 vp-id-280\"\n\tdata-vp-layout=\"slider\" data-vp-content-source=\"images\" data-vp-items-style=\"fly\" data-vp-items-click-action=\"popup_gallery\" data-vp-items-gap=\"15\" data-vp-items-gap-vertical=\"\" data-vp-pagination=\"load-more\" data-vp-next-page-url=\"\" data-vp-slider-effect=\"slide\" data-vp-slider-items-height=\"80%\" data-vp-slider-items-min-height=\"\" data-vp-slider-slides-per-view=\"3\" data-vp-slider-speed=\"0.3\" data-vp-slider-autoplay=\"6\" data-vp-slider-autoplay-hover-pause=\"false\" data-vp-slider-centered-slides=\"true\" data-vp-slider-loop=\"false\" data-vp-slider-free-mode=\"false\" data-vp-slider-free-mode-sticky=\"false\" data-vp-slider-arrows=\"true\" data-vp-slider-bullets=\"false\" data-vp-slider-bullets-dynamic=\"false\" data-vp-slider-mousewheel=\"false\" data-vp-slider-thumbnails=\"false\" >\n\t<div class=\"vp-portfolio__preloader-wrap\">\n\t\t<div class=\"vp-portfolio__preloader\">\n\t\t\t<img decoding=\"async\" loading=\"eager\" src=\"https:\/\/dankowski.online\/wp-content\/plugins\/visual-portfolio\/assets\/images\/logo-dark.svg\" alt=\"Visual Portfolio, Posts &amp; Image Gallery for WordPress\" width=\"20\" height=\"20\" data-skip-lazy>\n\t\t<\/div>\n\t<\/div>\n\t\t<div class=\"vp-portfolio__items-wrap\">\n\t\t\t\n<div class=\"vp-portfolio__items vp-portfolio__items-style-fly vp-portfolio__items-show-overlay-hover\">\n\n\t\t<div\t\tclass=\"vp-portfolio__item-wrap vp-portfolio__item-uid-6877c6ff\" data-vp-filter=\"\" \t\t>\n\t\t\t<template class=\"vp-portfolio__item-popup\" data-vp-popup-img=\"https:\/\/dankowski.online\/wp-content\/uploads\/2024\/09\/445805525_1595325887700775_8669683520390871595_n-1920x1440.jpg\" data-vp-popup-img-srcset=\"https:\/\/dankowski.online\/wp-content\/uploads\/2024\/09\/445805525_1595325887700775_8669683520390871595_n-1920x1440.jpg 1920w, https:\/\/dankowski.online\/wp-content\/uploads\/2024\/09\/445805525_1595325887700775_8669683520390871595_n-300x225.jpg 300w, https:\/\/dankowski.online\/wp-content\/uploads\/2024\/09\/445805525_1595325887700775_8669683520390871595_n-1024x768.jpg 1024w, https:\/\/dankowski.online\/wp-content\/uploads\/2024\/09\/445805525_1595325887700775_8669683520390871595_n-768x576.jpg 768w, https:\/\/dankowski.online\/wp-content\/uploads\/2024\/09\/445805525_1595325887700775_8669683520390871595_n-1536x1152.jpg 1536w, https:\/\/dankowski.online\/wp-content\/uploads\/2024\/09\/445805525_1595325887700775_8669683520390871595_n-500x375.jpg 500w, https:\/\/dankowski.online\/wp-content\/uploads\/2024\/09\/445805525_1595325887700775_8669683520390871595_n-800x600.jpg 800w, https:\/\/dankowski.online\/wp-content\/uploads\/2024\/09\/445805525_1595325887700775_8669683520390871595_n-1280x960.jpg 1280w, https:\/\/dankowski.online\/wp-content\/uploads\/2024\/09\/445805525_1595325887700775_8669683520390871595_n.jpg 2048w\" data-vp-popup-img-size=\"1920x1440\" data-vp-popup-md-img=\"https:\/\/dankowski.online\/wp-content\/uploads\/2024\/09\/445805525_1595325887700775_8669683520390871595_n-800x600.jpg\" data-vp-popup-md-img-size=\"800x600\" data-vp-popup-sm-img=\"https:\/\/dankowski.online\/wp-content\/uploads\/2024\/09\/445805525_1595325887700775_8669683520390871595_n-500x375.jpg\" data-vp-popup-sm-img-size=\"500x375\">\n\t\t\t<h3 class=\"vp-portfolio__item-popup-title\">Mimic - Hand made notebook<\/h3>\n\t\t\t\t<div class=\"vp-portfolio__item-popup-description\">My first hand made from scratch notebook with fantasy cover with eyes and teeth.<\/div>\n\t\t<\/template>\n\t\t\t\t\t\t<figure class=\"vp-portfolio__item\">\n\t\t\t\t\n<div class=\"vp-portfolio__item-img-wrap\">\n\t<div class=\"vp-portfolio__item-img\">\n\t\t\t<a\n\t\thref=\"https:\/\/dankowski.online\/wp-content\/uploads\/2024\/09\/445805525_1595325887700775_8669683520390871595_n-1920x1440.jpg\"\n\t\t\t>\n\t\n\t\t<noscript><img fetchpriority=\"high\" decoding=\"async\" width=\"1920\" height=\"1440\" data-skip-lazy src=\"https:\/\/dankowski.online\/wp-content\/uploads\/2024\/09\/445805525_1595325887700775_8669683520390871595_n-1920x1440.jpg\" class=\"wp-image-145\" alt=\"mimic\" srcset=\"https:\/\/dankowski.online\/wp-content\/uploads\/2024\/09\/445805525_1595325887700775_8669683520390871595_n-1920x1440.jpg 1920w, https:\/\/dankowski.online\/wp-content\/uploads\/2024\/09\/445805525_1595325887700775_8669683520390871595_n-300x225.jpg 300w, https:\/\/dankowski.online\/wp-content\/uploads\/2024\/09\/445805525_1595325887700775_8669683520390871595_n-1024x768.jpg 1024w, https:\/\/dankowski.online\/wp-content\/uploads\/2024\/09\/445805525_1595325887700775_8669683520390871595_n-768x576.jpg 768w, https:\/\/dankowski.online\/wp-content\/uploads\/2024\/09\/445805525_1595325887700775_8669683520390871595_n-1536x1152.jpg 1536w, https:\/\/dankowski.online\/wp-content\/uploads\/2024\/09\/445805525_1595325887700775_8669683520390871595_n-500x375.jpg 500w, https:\/\/dankowski.online\/wp-content\/uploads\/2024\/09\/445805525_1595325887700775_8669683520390871595_n-800x600.jpg 800w, https:\/\/dankowski.online\/wp-content\/uploads\/2024\/09\/445805525_1595325887700775_8669683520390871595_n-1280x960.jpg 1280w, https:\/\/dankowski.online\/wp-content\/uploads\/2024\/09\/445805525_1595325887700775_8669683520390871595_n.jpg 2048w\" sizes=\"(max-width: 1920px) 100vw, 1920px\" \/><\/noscript><img decoding=\"async\" width=\"1920\" height=\"1440\" src=\"https:\/\/dankowski.online\/wp-content\/uploads\/2024\/09\/445805525_1595325887700775_8669683520390871595_n-1920x1440.jpg\" class=\"wp-image-145 vp-lazyload\" alt=\"mimic\" srcset=\"data:image\/svg+xml;base64,PHN2ZyB3aWR0aD0iMTkyMCIgaGVpZ2h0PSIxNDQwIiB2aWV3Qm94PSIwIDAgMTkyMCAxNDQwIiBmaWxsPSJub25lIiB4bWxucz0iaHR0cDovL3d3dy53My5vcmcvMjAwMC9zdmciPjwvc3ZnPg==\" data-src=\"https:\/\/dankowski.online\/wp-content\/uploads\/2024\/09\/445805525_1595325887700775_8669683520390871595_n-1920x1440.jpg\" data-srcset=\"https:\/\/dankowski.online\/wp-content\/uploads\/2024\/09\/445805525_1595325887700775_8669683520390871595_n-1920x1440.jpg 1920w, https:\/\/dankowski.online\/wp-content\/uploads\/2024\/09\/445805525_1595325887700775_8669683520390871595_n-300x225.jpg 300w, https:\/\/dankowski.online\/wp-content\/uploads\/2024\/09\/445805525_1595325887700775_8669683520390871595_n-1024x768.jpg 1024w, https:\/\/dankowski.online\/wp-content\/uploads\/2024\/09\/445805525_1595325887700775_8669683520390871595_n-768x576.jpg 768w, https:\/\/dankowski.online\/wp-content\/uploads\/2024\/09\/445805525_1595325887700775_8669683520390871595_n-1536x1152.jpg 1536w, https:\/\/dankowski.online\/wp-content\/uploads\/2024\/09\/445805525_1595325887700775_8669683520390871595_n-500x375.jpg 500w, https:\/\/dankowski.online\/wp-content\/uploads\/2024\/09\/445805525_1595325887700775_8669683520390871595_n-800x600.jpg 800w, https:\/\/dankowski.online\/wp-content\/uploads\/2024\/09\/445805525_1595325887700775_8669683520390871595_n-1280x960.jpg 1280w, https:\/\/dankowski.online\/wp-content\/uploads\/2024\/09\/445805525_1595325887700775_8669683520390871595_n.jpg 2048w\" data-sizes=\"auto\" loading=\"eager\">\n\t\t<\/a>\t<\/div>\n<\/div>\n\t<figcaption class=\"vp-portfolio__item-overlay vp-portfolio__item-overlay-text-align-center\">\n\t\t<div class=\"vp-portfolio__item-meta-wrap vp-portfolio__custom-scrollbar\">\n\t\t\t\t<a\n\t\thref=\"https:\/\/dankowski.online\/wp-content\/uploads\/2024\/09\/445805525_1595325887700775_8669683520390871595_n-1920x1440.jpg\"\n\t\ttabindex=\"-1\" class=\"vp-portfolio__item-meta\" \t>\n\t\n<h2 class=\"vp-portfolio__item-meta-title\">\n\tMimic - Hand made notebook<\/h2>\n<\/a>\t\t<\/div>\n\t<\/figcaption>\n\t\t\t<\/figure>\n\t\t\t\t\t<\/div>\n\t\t\n<\/div>\n\n<div class=\"vp-portfolio__items-arrow vp-portfolio__items-arrow-prev\" tabindex=\"0\" role=\"button\" aria-label=\"Previous Slide\">\n\t\n<svg class=\"vp-svg-icon\" width=\"20\" height=\"20\" viewbox=\"0 0 20 20\" fill=\"none\" xmlns=\"http:\/\/www.w3.org\/2000\/svg\">\n\t<path d=\"M12 4L6 10L12 16\" stroke=\"currentColor\" stroke-width=\"1.5\" stroke-linecap=\"round\" stroke-linejoin=\"round\" fill=\"transparent\" \/>\n<\/svg>\n<\/div>\n<div class=\"vp-portfolio__items-arrow vp-portfolio__items-arrow-next\" tabindex=\"0\" role=\"button\" aria-label=\"Next Slide\">\n\t\n<svg class=\"vp-svg-icon\" width=\"20\" height=\"20\" viewbox=\"0 0 20 20\" fill=\"none\" xmlns=\"http:\/\/www.w3.org\/2000\/svg\">\n\t<path d=\"M8 4L14 10L8 16\" stroke=\"currentColor\" stroke-width=\"1.5\" stroke-linecap=\"round\" stroke-linejoin=\"round\" fill=\"transparent\" \/>\n<\/svg>\n<\/div>\n\t\t<\/div>\n\t\t\n<\/div>\n\t\t\t\t\t<\/div>\n\t\t\t\t<\/div>\n\t\t\t\t<\/div>\n\t\t<div class=\"elementor-element elementor-element-718de535 e-con-full e-flex wpr-particle-no wpr-jarallax-no wpr-parallax-no wpr-sticky-section-no e-con e-child\" data-id=\"718de535\" data-element_type=\"container\">\n\t\t\t\t<div class=\"elementor-element elementor-element-728260ab elementor-widget elementor-widget-heading\" data-id=\"728260ab\" data-element_type=\"widget\" data-widget_type=\"heading.default\">\n\t\t\t\t<div class=\"elementor-widget-container\">\n\t\t\t<h2 class=\"elementor-heading-title elementor-size-default\">Potrzebny ci projekt?<\/h2>\t\t<\/div>\n\t\t\t\t<\/div>\n\t\t\t\t<div class=\"elementor-element elementor-element-5da1f79c wpr-button-icon-style-inline wpr-button-icon-position-right elementor-widget elementor-widget-wpr-button\" data-id=\"5da1f79c\" data-element_type=\"widget\" data-widget_type=\"wpr-button.default\">\n\t\t\t\t<div class=\"elementor-widget-container\">\n\t\t\t\t\n\t\t\t\n\t\t\n\t\t<div class=\"wpr-button-wrap elementor-clearfix\">\n\t\t<a class=\"wpr-button wpr-button-effect wpr-button-none\" data-text=\"Go\" href=\"https:\/\/dankowski.online\/pl\/contact\/\">\n\t\t\t\n\t\t\t<span class=\"wpr-button-content\">\n\t\t\t\t\t\t\t\t\t<span class=\"wpr-button-text\">Contact me<\/span>\n\t\t\t\t\t\t\t\t\n\t\t\t\t\t\t\t\t\t<span class=\"wpr-button-icon\"><svg class=\"e-font-icon-svg e-fas-angle-right\" viewbox=\"0 0 256 512\" xmlns=\"http:\/\/www.w3.org\/2000\/svg\"><path d=\"M224.3 273l-136 136c-9.4 9.4-24.6 9.4-33.9 0l-22.6-22.6c-9.4-9.4-9.4-24.6 0-33.9l96.4-96.4-96.4-96.4c-9.4-9.4-9.4-24.6 0-33.9L54.3 103c9.4-9.4 24.6-9.4 33.9 0l136 136c9.5 9.4 9.5 24.6.1 34z\"><\/path><\/svg><\/span>\n\t\t\t\t\t\t\t<\/span>\n\t\t<\/a>\n\n\t\t\t\t<\/div>\n\t\n\t\n\t\t\t<\/div>\n\t\t\t\t<\/div>\n\t\t\t\t<\/div>\n\t\t\t\t<\/div>\n\t\t\t\t\t<\/div>\n\t\t\t\t<\/div>\n\t\t\t\t<\/div>","protected":false},"excerpt":{"rendered":"<p>Books and notebooks Maybe my gallery on that topic right now is small. But I loved making this project, and I am sure I will come back here later to create more fantastic covers for books and notebooks. Need a design ? Contact me<\/p>","protected":false},"author":1,"featured_media":0,"parent":0,"menu_order":0,"comment_status":"closed","ping_status":"closed","template":"","meta":{"_vp_format_video_url":"","_vp_image_focal_point":[],"footnotes":""},"class_list":["post-243","page","type-page","status-publish","hentry"],"yoast_head":"<!-- This site is optimized with the Yoast SEO plugin v23.4 - https:\/\/yoast.com\/wordpress\/plugins\/seo\/ -->\n<title>Books and notebooks - Dankowski<\/title>\n<meta name=\"robots\" content=\"index, follow, max-snippet:-1, max-image-preview:large, max-video-preview:-1\" \/>\n<link rel=\"canonical\" href=\"https:\/\/dankowski.online\/pl\/books-and-notebooks\/\" \/>\n<meta property=\"og:locale\" content=\"pl_PL\" \/>\n<meta property=\"og:type\" content=\"article\" \/>\n<meta property=\"og:title\" content=\"Books and notebooks - Dankowski\" \/>\n<meta property=\"og:description\" content=\"Books and notebooks Maybe my gallery on that topic right now is small. But I loved making this project, and I am sure I will come back here later to create more fantastic covers for books and notebooks. Need a design ? Contact me\" \/>\n<meta property=\"og:url\" content=\"https:\/\/dankowski.online\/pl\/books-and-notebooks\/\" \/>\n<meta property=\"og:site_name\" content=\"Dankowski\" \/>\n<meta property=\"article:publisher\" content=\"https:\/\/www.facebook.com\/profile.php?id=61565175776161\" \/>\n<meta property=\"article:modified_time\" content=\"2024-09-03T13:03:14+00:00\" \/>\n<meta name=\"twitter:card\" content=\"summary_large_image\" \/>\n<meta name=\"twitter:label1\" content=\"Szacowany czas czytania\" \/>\n\t<meta name=\"twitter:data1\" content=\"1 minuta\" \/>\n<script type=\"application\/ld+json\" class=\"yoast-schema-graph\">{\"@context\":\"https:\/\/schema.org\",\"@graph\":[{\"@type\":\"WebPage\",\"@id\":\"https:\/\/dankowski.online\/books-and-notebooks\/\",\"url\":\"https:\/\/dankowski.online\/books-and-notebooks\/\",\"name\":\"Books and notebooks - Dankowski\",\"isPartOf\":{\"@id\":\"https:\/\/dankowski.online\/#website\"},\"datePublished\":\"2024-09-03T11:56:22+00:00\",\"dateModified\":\"2024-09-03T13:03:14+00:00\",\"breadcrumb\":{\"@id\":\"https:\/\/dankowski.online\/books-and-notebooks\/#breadcrumb\"},\"inLanguage\":\"pl-PL\",\"potentialAction\":[{\"@type\":\"ReadAction\",\"target\":[\"https:\/\/dankowski.online\/books-and-notebooks\/\"]}]},{\"@type\":\"BreadcrumbList\",\"@id\":\"https:\/\/dankowski.online\/books-and-notebooks\/#breadcrumb\",\"itemListElement\":[{\"@type\":\"ListItem\",\"position\":1,\"name\":\"Home\",\"item\":\"https:\/\/dankowski.online\/\"},{\"@type\":\"ListItem\",\"position\":2,\"name\":\"Books and notebooks\"}]},{\"@type\":\"WebSite\",\"@id\":\"https:\/\/dankowski.online\/#website\",\"url\":\"https:\/\/dankowski.online\/\",\"name\":\"Dankowski\",\"description\":\"Web design and more\",\"publisher\":{\"@id\":\"https:\/\/dankowski.online\/#\/schema\/person\/37ca08db074cb988f07b392601f4ecd7\"},\"potentialAction\":[{\"@type\":\"SearchAction\",\"target\":{\"@type\":\"EntryPoint\",\"urlTemplate\":\"https:\/\/dankowski.online\/?s={search_term_string}\"},\"query-input\":{\"@type\":\"PropertyValueSpecification\",\"valueRequired\":true,\"valueName\":\"search_term_string\"}}],\"inLanguage\":\"pl-PL\"},{\"@type\":[\"Person\",\"Organization\"],\"@id\":\"https:\/\/dankowski.online\/#\/schema\/person\/37ca08db074cb988f07b392601f4ecd7\",\"name\":\"dankowski\",\"image\":{\"@type\":\"ImageObject\",\"inLanguage\":\"pl-PL\",\"@id\":\"https:\/\/dankowski.online\/#\/schema\/person\/image\/\",\"url\":\"https:\/\/dankowski.online\/wp-content\/uploads\/2024\/08\/MD.svg\",\"contentUrl\":\"https:\/\/dankowski.online\/wp-content\/uploads\/2024\/08\/MD.svg\",\"width\":100,\"height\":100,\"caption\":\"dankowski\"},\"logo\":{\"@id\":\"https:\/\/dankowski.online\/#\/schema\/person\/image\/\"},\"sameAs\":[\"http:\/\/dankowski.online\",\"https:\/\/www.facebook.com\/profile.php?id=61565175776161\",\"https:\/\/www.instagram.com\/tyfantien\/\",\"https:\/\/www.linkedin.com\/in\/mateusz-dankowski-7a7370264\/\",\"https:\/\/pl.pinterest.com\/mateuszdankowski120\"]}]}<\/script>\n<!-- \/ Yoast SEO plugin. -->","yoast_head_json":{"title":"Books and notebooks - Dankowski","robots":{"index":"index","follow":"follow","max-snippet":"max-snippet:-1","max-image-preview":"max-image-preview:large","max-video-preview":"max-video-preview:-1"},"canonical":"https:\/\/dankowski.online\/pl\/books-and-notebooks\/","og_locale":"pl_PL","og_type":"article","og_title":"Books and notebooks - Dankowski","og_description":"Books and notebooks Maybe my gallery on that topic right now is small. But I loved making this project, and I am sure I will come back here later to create more fantastic covers for books and notebooks. Need a design ? Contact me","og_url":"https:\/\/dankowski.online\/pl\/books-and-notebooks\/","og_site_name":"Dankowski","article_publisher":"https:\/\/www.facebook.com\/profile.php?id=61565175776161","article_modified_time":"2024-09-03T13:03:14+00:00","twitter_card":"summary_large_image","twitter_misc":{"Szacowany czas czytania":"1 minuta"},"schema":{"@context":"https:\/\/schema.org","@graph":[{"@type":"WebPage","@id":"https:\/\/dankowski.online\/books-and-notebooks\/","url":"https:\/\/dankowski.online\/books-and-notebooks\/","name":"Books and notebooks - Dankowski","isPartOf":{"@id":"https:\/\/dankowski.online\/#website"},"datePublished":"2024-09-03T11:56:22+00:00","dateModified":"2024-09-03T13:03:14+00:00","breadcrumb":{"@id":"https:\/\/dankowski.online\/books-and-notebooks\/#breadcrumb"},"inLanguage":"pl-PL","potentialAction":[{"@type":"ReadAction","target":["https:\/\/dankowski.online\/books-and-notebooks\/"]}]},{"@type":"BreadcrumbList","@id":"https:\/\/dankowski.online\/books-and-notebooks\/#breadcrumb","itemListElement":[{"@type":"ListItem","position":1,"name":"Home","item":"https:\/\/dankowski.online\/"},{"@type":"ListItem","position":2,"name":"Books and notebooks"}]},{"@type":"WebSite","@id":"https:\/\/dankowski.online\/#website","url":"https:\/\/dankowski.online\/","name":"Dankowski","description":"Web design and more","publisher":{"@id":"https:\/\/dankowski.online\/#\/schema\/person\/37ca08db074cb988f07b392601f4ecd7"},"potentialAction":[{"@type":"SearchAction","target":{"@type":"EntryPoint","urlTemplate":"https:\/\/dankowski.online\/?s={search_term_string}"},"query-input":{"@type":"PropertyValueSpecification","valueRequired":true,"valueName":"search_term_string"}}],"inLanguage":"pl-PL"},{"@type":["Person","Organization"],"@id":"https:\/\/dankowski.online\/#\/schema\/person\/37ca08db074cb988f07b392601f4ecd7","name":"dankowski","image":{"@type":"ImageObject","inLanguage":"pl-PL","@id":"https:\/\/dankowski.online\/#\/schema\/person\/image\/","url":"https:\/\/dankowski.online\/wp-content\/uploads\/2024\/08\/MD.svg","contentUrl":"https:\/\/dankowski.online\/wp-content\/uploads\/2024\/08\/MD.svg","width":100,"height":100,"caption":"dankowski"},"logo":{"@id":"https:\/\/dankowski.online\/#\/schema\/person\/image\/"},"sameAs":["http:\/\/dankowski.online","https:\/\/www.facebook.com\/profile.php?id=61565175776161","https:\/\/www.instagram.com\/tyfantien\/","https:\/\/www.linkedin.com\/in\/mateusz-dankowski-7a7370264\/","https:\/\/pl.pinterest.com\/mateuszdankowski120"]}]}},"_links":{"self":[{"href":"https:\/\/dankowski.online\/pl\/wp-json\/wp\/v2\/pages\/243"}],"collection":[{"href":"https:\/\/dankowski.online\/pl\/wp-json\/wp\/v2\/pages"}],"about":[{"href":"https:\/\/dankowski.online\/pl\/wp-json\/wp\/v2\/types\/page"}],"author":[{"embeddable":true,"href":"https:\/\/dankowski.online\/pl\/wp-json\/wp\/v2\/users\/1"}],"replies":[{"embeddable":true,"href":"https:\/\/dankowski.online\/pl\/wp-json\/wp\/v2\/comments?post=243"}],"version-history":[{"count":7,"href":"https:\/\/dankowski.online\/pl\/wp-json\/wp\/v2\/pages\/243\/revisions"}],"predecessor-version":[{"id":285,"href":"https:\/\/dankowski.online\/pl\/wp-json\/wp\/v2\/pages\/243\/revisions\/285"}],"wp:attachment":[{"href":"https:\/\/dankowski.online\/pl\/wp-json\/wp\/v2\/media?parent=243"}],"curies":[{"name":"wp","href":"https:\/\/api.w.org\/{rel}","templated":true}]}}